{"id":1100,"date":"2019-01-30T11:20:53","date_gmt":"2019-01-30T10:20:53","guid":{"rendered":"http:\/\/www.agema-atheo.fr\/?page_id=1100"},"modified":"2024-12-05T10:49:21","modified_gmt":"2024-12-05T09:49:21","slug":"produits","status":"publish","type":"page","link":"https:\/\/www.agema-atheo.fr\/index.php\/produits\/","title":{"rendered":"Produits"},"content":{"rendered":"<p>[et_pb_section fb_built=&#8221;1&#8243; admin_label=&#8221;Section TITRE&#8221; _builder_version=&#8221;4.16&#8243; custom_padding=&#8221;40px|40px|40px|40px|false|false&#8221; global_colors_info=&#8221;{}&#8221;][et_pb_row admin_label=&#8221;Ligne TITRE&#8221; _builder_version=&#8221;4.16&#8243; global_colors_info=&#8221;{}&#8221;][et_pb_column type=&#8221;4_4&#8243; _builder_version=&#8221;4.16&#8243; custom_padding=&#8221;|||&#8221; global_colors_info=&#8221;{}&#8221; custom_padding__hover=&#8221;|||&#8221;][et_pb_text admin_label=&#8221;TITRE du site : Agema Ath\u00e9o&#8221; _builder_version=&#8221;4.16&#8243; text_font=&#8221;||||||||&#8221; header_font=&#8221;Montserrat|700||on|||||&#8221; header_text_align=&#8221;center&#8221; header_font_size=&#8221;70px&#8221; header_line_height=&#8221;1.2em&#8221; header_2_font=&#8221;Montserrat|300||on|||||&#8221; header_2_text_align=&#8221;center&#8221; header_2_text_color=&#8221;#47beee&#8221; header_2_line_height=&#8221;1.4em&#8221; global_colors_info=&#8221;{}&#8221;]<\/p>\n<h1>produits<\/h1>\n<h2>bain, douche, transfert, table \u00e0 langer&#8230;<\/h2>\n<p>[\/et_pb_text][\/et_pb_column][\/et_pb_row][\/et_pb_section][et_pb_section fb_built=&#8221;1&#8243; _builder_version=&#8221;4.16&#8243; custom_padding=&#8221;0|0px|40px|0px|false|false&#8221; global_colors_info=&#8221;{}&#8221;][et_pb_row _builder_version=&#8221;4.16&#8243; custom_padding=&#8221;0px|||||&#8221; global_colors_info=&#8221;{}&#8221;][et_pb_column type=&#8221;4_4&#8243; _builder_version=&#8221;4.16&#8243; custom_padding=&#8221;|||&#8221; global_colors_info=&#8221;{}&#8221; custom_padding__hover=&#8221;|||&#8221;][et_pb_blurb title=&#8221;TVA sur les commandes&#8221; use_icon=&#8221;on&#8221; font_icon=&#8221;&#xe0e7;||divi||400&#8243; icon_color=&#8221;#47beee&#8221; icon_placement=&#8221;left&#8221; _builder_version=&#8221;4.16&#8243; header_level=&#8221;h3&#8243; header_font=&#8221;Montserrat|700||on|||||&#8221; header_font_size=&#8221;18px&#8221; body_font=&#8221;Montserrat||||||||&#8221; body_font_size=&#8221;13px&#8221; body_line_height=&#8221;1.6em&#8221; global_colors_info=&#8221;{}&#8221;]<\/p>\n<p>Dans le cas d&#8217;une commande incluant un bain-douche, une TVA de 5,5% s&#8217;applique \u00e0 l&#8217;ensemble de la commande. Toute commande comportant uniquement des accessoires se verra appliquer une TVA de 20%.<\/p>\n<p>[\/et_pb_blurb][\/et_pb_column][\/et_pb_row][\/et_pb_section][et_pb_section fb_built=&#8221;1&#8243; _builder_version=&#8221;4.16&#8243; global_colors_info=&#8221;{}&#8221;][et_pb_row column_structure=&#8221;1_3,1_3,1_3&#8243; use_custom_gutter=&#8221;on&#8221; gutter_width=&#8221;4&#8243; make_equal=&#8221;on&#8221; _builder_version=&#8221;4.27.2&#8243; _dynamic_attributes=&#8221;link_option_url&#8221; link_option_url=&#8221;@ET-DC@eyJkeW5hbWljIjp0cnVlLCJjb250ZW50IjoicG9zdF9saW5rX3VybF9wcm9qZWN0Iiwic2V0dGluZ3MiOnsicG9zdF9pZCI6IjEwMDcifX0=@&#8221; global_colors_info=&#8221;{}&#8221;][et_pb_column type=&#8221;1_3&#8243; _builder_version=&#8221;4.16&#8243; custom_padding=&#8221;|||&#8221; global_colors_info=&#8221;{}&#8221; custom_padding__hover=&#8221;|||&#8221;][et_pb_blurb title=&#8221;Ath\u00e9o&#8221; image=&#8221;http:\/\/www.agema-atheo.fr\/wp-content\/uploads\/2024\/07\/Atheo-1.jpg&#8221; _builder_version=&#8221;4.27.2&#8243; _dynamic_attributes=&#8221;link_option_url&#8221; header_font=&#8221;Montserrat|700||on|||||&#8221; header_text_align=&#8221;center&#8221; body_font=&#8221;Montserrat||||||||&#8221; body_line_height=&#8221;1.6em&#8221; link_option_url=&#8221;@ET-DC@eyJkeW5hbWljIjp0cnVlLCJjb250ZW50IjoicG9zdF9saW5rX3VybF9wcm9qZWN0Iiwic2V0dGluZ3MiOnsicG9zdF9pZCI6IjEwMDcifX0=@&#8221; global_colors_info=&#8221;{}&#8221;]<\/p>\n<p>Un bain \u00e0 poser sur la baignoire ou sur une embase<\/p>\n<p>[\/et_pb_blurb][et_pb_blurb title=&#8221;Lat-Th\u00e9o&#8221; image=&#8221;http:\/\/www.agema-atheo.fr\/wp-content\/uploads\/2024\/07\/Lat-1.jpg&#8221; _builder_version=&#8221;4.27.2&#8243; _dynamic_attributes=&#8221;link_option_url&#8221; header_font=&#8221;Montserrat|700||on|||||&#8221; header_text_align=&#8221;center&#8221; body_font=&#8221;Montserrat||||||||&#8221; body_line_height=&#8221;1.6em&#8221; link_option_url=&#8221;@ET-DC@eyJkeW5hbWljIjp0cnVlLCJjb250ZW50IjoicG9zdF9saW5rX3VybF9wcm9qZWN0Iiwic2V0dGluZ3MiOnsicG9zdF9pZCI6IjEwNTAifX0=@&#8221; global_colors_info=&#8221;{}&#8221;]<\/p>\n<p>Un chariot-douche sur embase roulante.<\/p>\n<p>[\/et_pb_blurb][et_pb_blurb title=&#8221;Touth\u00e9o&#8221; image=&#8221;http:\/\/www.agema-atheo.fr\/wp-content\/uploads\/2024\/07\/Toutheo-2.jpg&#8221; _builder_version=&#8221;4.27.2&#8243; _dynamic_attributes=&#8221;link_option_url&#8221; header_font=&#8221;Montserrat|700||on|||||&#8221; header_text_align=&#8221;center&#8221; body_font=&#8221;Montserrat||||||||&#8221; body_line_height=&#8221;1.6em&#8221; link_option_url=&#8221;@ET-DC@eyJkeW5hbWljIjp0cnVlLCJjb250ZW50IjoicG9zdF9saW5rX3VybF9wcm9qZWN0Iiwic2V0dGluZ3MiOnsicG9zdF9pZCI6IjEwODgifX0=@&#8221; global_colors_info=&#8221;{}&#8221;]<\/p>\n<p>Un brancard, bain-douche, table \u00e0 langer&#8230; il sait tout faire gr\u00e2ce \u00e0 ses cot\u00e9s \u00e0 rabats.<\/p>\n<p>[\/et_pb_blurb][\/et_pb_column][et_pb_column type=&#8221;1_3&#8243; _builder_version=&#8221;4.16&#8243; custom_padding=&#8221;|||&#8221; global_colors_info=&#8221;{}&#8221; custom_padding__hover=&#8221;|||&#8221;][et_pb_blurb title=&#8221;Douche au lit&#8221; image=&#8221;http:\/\/www.agema-atheo.fr\/wp-content\/uploads\/2024\/07\/Douche-au-lit.jpg&#8221; _builder_version=&#8221;4.27.2&#8243; _dynamic_attributes=&#8221;link_option_url&#8221; header_font=&#8221;Montserrat|700||on|||||&#8221; header_text_align=&#8221;center&#8221; body_font=&#8221;Montserrat||||||||&#8221; body_line_height=&#8221;1.6em&#8221; link_option_url=&#8221;@ET-DC@eyJkeW5hbWljIjp0cnVlLCJjb250ZW50IjoicG9zdF9saW5rX3VybF9wcm9qZWN0Iiwic2V0dGluZ3MiOnsicG9zdF9pZCI6IjEwNzIifX0=@&#8221; global_colors_info=&#8221;{}&#8221;]<\/p>\n<p>Un kit bain-douche facilitant la toilette des personnes alit\u00e9s<\/p>\n<p>[\/et_pb_blurb][et_pb_blurb title=&#8221;e-LaTh\u00e9o&#8221; image=&#8221;http:\/\/www.agema-atheo.fr\/wp-content\/uploads\/2024\/07\/Brochure_Shower_trolley_346-6.jpg&#8221; _builder_version=&#8221;4.27.2&#8243; header_font=&#8221;Montserrat|700||on|||||&#8221; header_text_align=&#8221;center&#8221; body_font=&#8221;Montserrat||||||||&#8221; body_line_height=&#8221;1.6em&#8221; hover_enabled=&#8221;0&#8243; global_colors_info=&#8221;{}&#8221; url=&#8221;@ET-DC@eyJkeW5hbWljIjp0cnVlLCJjb250ZW50IjoicG9zdF9saW5rX3VybCIsInNldHRpbmdzIjp7fX0=@&#8221; _dynamic_attributes=&#8221;url&#8221; sticky_enabled=&#8221;0&#8243;]<\/p>\n<p>Un chariot-douche motoris\u00e9 pour facilit\u00e9 l&#8217;utilisation et le r\u00e9glage de la hauteur du bain.<\/p>\n<p>[\/et_pb_blurb][et_pb_blurb title=&#8221;e-AluTh\u00e9o&#8221; image=&#8221;http:\/\/www.agema-atheo.fr\/wp-content\/uploads\/2024\/07\/e-alutheo-1.jpg&#8221; _builder_version=&#8221;4.27.2&#8243; header_font=&#8221;Montserrat|700||on|||||&#8221; header_text_align=&#8221;center&#8221; body_font=&#8221;Montserrat||||||||&#8221; body_line_height=&#8221;1.6em&#8221; hover_enabled=&#8221;0&#8243; global_colors_info=&#8221;{}&#8221; link_option_url=&#8221;@ET-DC@eyJkeW5hbWljIjp0cnVlLCJjb250ZW50IjoicG9zdF9saW5rX3VybCIsInNldHRpbmdzIjp7fX0=@&#8221; _dynamic_attributes=&#8221;link_option_url&#8221; sticky_enabled=&#8221;0&#8243;]<\/p>\n<p>Un chariot de transfert ou table \u00e0 langer \u00e9quip\u00e9 de moteur pour facilit\u00e9 l&#8217;utilisation.<\/p>\n<p>[\/et_pb_blurb][\/et_pb_column][et_pb_column type=&#8221;1_3&#8243; _builder_version=&#8221;4.16&#8243; custom_padding=&#8221;|||&#8221; global_colors_info=&#8221;{}&#8221; custom_padding__hover=&#8221;|||&#8221;][et_pb_blurb title=&#8221;Roll-Ath\u00e9o&#8221; image=&#8221;http:\/\/www.agema-atheo.fr\/wp-content\/uploads\/2024\/07\/Roll-1.jpg&#8221; _builder_version=&#8221;4.27.2&#8243; _dynamic_attributes=&#8221;link_option_url&#8221; header_font=&#8221;Montserrat|700||on|||||&#8221; header_text_align=&#8221;center&#8221; body_font=&#8221;Montserrat||||||||&#8221; body_line_height=&#8221;1.6em&#8221; link_option_url=&#8221;@ET-DC@eyJkeW5hbWljIjp0cnVlLCJjb250ZW50IjoicG9zdF9saW5rX3VybF9wcm9qZWN0Iiwic2V0dGluZ3MiOnsicG9zdF9pZCI6IjEwMjYifX0=@&#8221; global_colors_info=&#8221;{}&#8221;]<\/p>\n<p>Le sur-bain Ath\u00e9o directement mont\u00e9 sur une embase roulante<\/p>\n<p>[\/et_pb_blurb][et_pb_blurb title=&#8221;Alu-Th\u00e9o&#8221; image=&#8221;http:\/\/www.agema-atheo.fr\/wp-content\/uploads\/2024\/07\/Alutheo-2-1.jpg&#8221; _builder_version=&#8221;4.27.2&#8243; _dynamic_attributes=&#8221;link_option_url&#8221; header_font=&#8221;Montserrat|700||on|||||&#8221; header_text_align=&#8221;center&#8221; body_font=&#8221;Montserrat||||||||&#8221; body_line_height=&#8221;1.6em&#8221; link_option_url=&#8221;@ET-DC@eyJkeW5hbWljIjp0cnVlLCJjb250ZW50IjoicG9zdF9saW5rX3VybF9wcm9qZWN0Iiwic2V0dGluZ3MiOnsicG9zdF9pZCI6IjEwMzkifX0=@&#8221; global_colors_info=&#8221;{}&#8221;]<\/p>\n<p>Un chariot de transfert ou table \u00e0 langer, pliable en 3 pour s&#8217;adapter \u00e0 tous<\/p>\n<p>[\/et_pb_blurb][et_pb_blurb title=&#8221;Math\u00e9o&#8221; image=&#8221;http:\/\/www.agema-atheo.fr\/wp-content\/uploads\/2024\/07\/Matheo.jpg&#8221; _builder_version=&#8221;4.27.2&#8243; _dynamic_attributes=&#8221;link_option_url&#8221; header_font=&#8221;Montserrat|700||on|||||&#8221; header_text_align=&#8221;center&#8221; body_font=&#8221;Montserrat||||||||&#8221; body_line_height=&#8221;1.6em&#8221; link_option_url=&#8221;@ET-DC@eyJkeW5hbWljIjp0cnVlLCJjb250ZW50IjoicG9zdF9saW5rX3VybF9wcm9qZWN0Iiwic2V0dGluZ3MiOnsicG9zdF9pZCI6IjEwODMifX0=@&#8221; global_colors_info=&#8221;{}&#8221;]<\/p>\n<p>Un matelas de bain-douche \u00e0 poser sur tout type de brancard<\/p>\n<p>[\/et_pb_blurb][\/et_pb_column][\/et_pb_row][et_pb_row _builder_version=&#8221;4.16&#8243; _module_preset=&#8221;default&#8221; global_colors_info=&#8221;{}&#8221;][et_pb_column type=&#8221;4_4&#8243; _builder_version=&#8221;4.16&#8243; _module_preset=&#8221;default&#8221; global_colors_info=&#8221;{}&#8221;][et_pb_button button_url=&#8221;http:\/\/www.agema-atheo.fr\/wp-content\/uploads\/2024\/07\/Catalogue-AGEMA-ATHEO-2023.pdf&#8221; button_text=&#8221;Consulter le catalogue PDF&#8221; button_alignment=&#8221;center&#8221; _builder_version=&#8221;4.26.0&#8243; _module_preset=&#8221;default&#8221; custom_button=&#8221;on&#8221; button_text_size=&#8221;18px&#8221; button_bg_color=&#8221;#47BEEE&#8221; button_border_width=&#8221;0px&#8221; button_border_radius=&#8221;37px&#8221; button_font=&#8221;Montserrat|600|||||||&#8221; button_icon=&#8221;&#x69;||divi||400&#8243; background_layout=&#8221;dark&#8221; global_colors_info=&#8221;{}&#8221; button_bg_color__hover_enabled=&#8221;on|desktop&#8221; button_bg_color__hover=&#8221;#47BEEE&#8221;][\/et_pb_button][\/et_pb_column][\/et_pb_row][\/et_pb_section][et_pb_section fb_built=&#8221;1&#8243; _builder_version=&#8221;4.16&#8243; custom_padding=&#8221;0px|||||&#8221; global_colors_info=&#8221;{}&#8221;][et_pb_row column_structure=&#8221;1_3,1_3,1_3&#8243; _builder_version=&#8221;4.16&#8243; global_colors_info=&#8221;{}&#8221;][et_pb_column type=&#8221;1_3&#8243; _builder_version=&#8221;4.16&#8243; custom_padding=&#8221;|||&#8221; global_colors_info=&#8221;{}&#8221; custom_padding__hover=&#8221;|||&#8221;][et_pb_blurb title=&#8221;Fabrication fran\u00e7aise&#8221; use_icon=&#8221;on&#8221; font_icon=&#8221;&#xe01d;||divi||400&#8243; icon_color=&#8221;#47beee&#8221; _builder_version=&#8221;4.16&#8243; header_font=&#8221;Montserrat|700||on|||||&#8221; header_text_align=&#8221;center&#8221; body_font=&#8221;Montserrat||||||||&#8221; body_line_height=&#8221;1.6em&#8221; global_colors_info=&#8221;{}&#8221;]<\/p>\n<p>Des produits invent\u00e9s et fabriqu\u00e9s en France vers Orl\u00e9ans<\/p>\n<p>[\/et_pb_blurb][\/et_pb_column][et_pb_column type=&#8221;1_3&#8243; _builder_version=&#8221;4.16&#8243; custom_padding=&#8221;|||&#8221; global_colors_info=&#8221;{}&#8221; custom_padding__hover=&#8221;|||&#8221;][et_pb_blurb title=&#8221;sur-mesure&#8221; use_icon=&#8221;on&#8221; font_icon=&#8221;&#xe035;||divi||400&#8243; icon_color=&#8221;#47beee&#8221; _builder_version=&#8221;4.16&#8243; header_font=&#8221;Montserrat|700||on|||||&#8221; header_text_align=&#8221;center&#8221; body_font=&#8221;Montserrat||||||||&#8221; body_line_height=&#8221;1.6em&#8221; global_colors_info=&#8221;{}&#8221;]<\/p>\n<p>Tous nos produits s&#8217;adaptent \u00e0 vos dimensions<\/p>\n<p>[\/et_pb_blurb][\/et_pb_column][et_pb_column type=&#8221;1_3&#8243; _builder_version=&#8221;4.16&#8243; custom_padding=&#8221;|||&#8221; global_colors_info=&#8221;{}&#8221; custom_padding__hover=&#8221;|||&#8221;][et_pb_blurb title=&#8221;personnalisation&#8221; use_icon=&#8221;on&#8221; font_icon=&#8221;&#xe104;||divi||400&#8243; icon_color=&#8221;#47beee&#8221; _builder_version=&#8221;4.16&#8243; header_font=&#8221;Montserrat|700||on|||||&#8221; header_text_align=&#8221;center&#8221; body_font=&#8221;Montserrat||||||||&#8221; body_line_height=&#8221;1.6em&#8221; global_colors_info=&#8221;{}&#8221;]<\/p>\n<p>Personnalisez votre bain gr\u00e2ce \u00e0 nos univers dessin\u00e9s<\/p>\n<p>[\/et_pb_blurb][\/et_pb_column][\/et_pb_row][\/et_pb_section]<\/p>\n","protected":false},"excerpt":{"rendered":"<p>produits bain, douche, transfert, table \u00e0 langer&#8230;Dans le cas d&#8217;une commande incluant un bain-douche, une TVA de 5,5% s&#8217;applique \u00e0 l&#8217;ensemble de la commande. Toute commande comportant uniquement des accessoires se verra appliquer une TVA de 20%.Un bain \u00e0 poser sur la baignoire ou sur une embaseUn chariot-douche sur embase roulante.Un brancard, bain-douche, table \u00e0 [&hellip;]<\/p>\n","protected":false},"author":1,"featured_media":0,"parent":0,"menu_order":0,"comment_status":"closed","ping_status":"closed","template":"","meta":{"_et_pb_use_builder":"on","_et_pb_old_content":"","_et_gb_content_width":"","footnotes":""},"class_list":["post-1100","page","type-page","status-publish","hentry"],"_links":{"self":[{"href":"https:\/\/www.agema-atheo.fr\/index.php\/wp-json\/wp\/v2\/pages\/1100","targetHints":{"allow":["GET"]}}],"collection":[{"href":"https:\/\/www.agema-atheo.fr\/index.php\/wp-json\/wp\/v2\/pages"}],"about":[{"href":"https:\/\/www.agema-atheo.fr\/index.php\/wp-json\/wp\/v2\/types\/page"}],"author":[{"embeddable":true,"href":"https:\/\/www.agema-atheo.fr\/index.php\/wp-json\/wp\/v2\/users\/1"}],"replies":[{"embeddable":true,"href":"https:\/\/www.agema-atheo.fr\/index.php\/wp-json\/wp\/v2\/comments?post=1100"}],"version-history":[{"count":15,"href":"https:\/\/www.agema-atheo.fr\/index.php\/wp-json\/wp\/v2\/pages\/1100\/revisions"}],"predecessor-version":[{"id":2224,"href":"https:\/\/www.agema-atheo.fr\/index.php\/wp-json\/wp\/v2\/pages\/1100\/revisions\/2224"}],"wp:attachment":[{"href":"https:\/\/www.agema-atheo.fr\/index.php\/wp-json\/wp\/v2\/media?parent=1100"}],"curies":[{"name":"wp","href":"https:\/\/api.w.org\/{rel}","templated":true}]}}